{"id":2,"date":"2022-11-03T17:28:39","date_gmt":"2022-11-03T20:28:39","guid":{"rendered":"https:\/\/hhl.cms.gl\/?page_id=2"},"modified":"2022-11-04T19:02:03","modified_gmt":"2022-11-04T22:02:03","slug":"velkommen","status":"publish","type":"page","link":"https:\/\/hhl.gl\/en\/","title":{"rendered":"Welcome"},"content":{"rendered":"\n<h2 class=\"wp-block-heading\">Velkommen til Hotel Heilmann Lyberth<\/h2>\n\n\n\n<p>HHL ligger centralt i byen og r\u00e5der over en lejlighed, 20 v\u00e6relser, alle med eget bad &amp; toilet, alle v\u00e6relser er med TV og telefon med mulighed for tilslutning af tr\u00e5dl\u00f8s internetforbindelse.<\/p>\n\n\n\n<p>Alle overnatninger er inkl. morgenmad.<\/p>\n\n\n\n<p>Udflugter, bygdeture, weekendture til og fra Nuuk samt alm. Charterture arrangeres i samarbejde med Maniitsoq Tour Boat som har veludstyrede og komfortabelt indrettede Targa b\u00e5de, en Targa 35 og en Targa 44 der begge har plads til 12 passagerer.<\/p>\n\n\n\n<p>Hotel Heilmann Lyberth er opkaldt efter indehaverne S\u00f8ren Lyberth og hustru Bolethe f\u00f8dt Heilmann og gift Heilmann Lyberth. Maniitsoq er en hyggelig by med 2700 indbyggere. Byen ligger midt p\u00e5 den gr\u00f8nlandske vestkyst. Den er let tilg\u00e6ngelig, har trafikforbindelser b\u00e5de til s\u00f8s og med fly hele \u00e5ret, derfor er nemt at samle folk fra hele landet.<\/p>\n\n\n\n<p><a href=\"http:\/\/www.qeqqata.gl\/\" target=\"_blank\" rel=\"noreferrer noopener\">Du kan f\u00e5 mere at vide om Maniitsoq og omegn her:<\/a><\/p>\n\n\n\n<script async=\"\" data-form-id=\"9e2df29ca03cce6f\" src=https:\/\/secured.sirvoy.com\/widget\/sirvoy.js><\/script>\n\n\n\n<p><\/p>\n","protected":false},"excerpt":{"rendered":"<p>Velkommen til Hotel Heilmann Lyberth HHL ligger centralt i byen og r\u00e5der over en lejlighed, 20 v\u00e6relser, alle med eget bad &amp; toilet, alle v\u00e6relser er med TV og telefon med mulighed for tilslutning af tr\u00e5dl\u00f8s internetforbindelse. Alle overnatninger er inkl. morgenmad. Udflugter, bygdeture, weekendture til og fra Nuuk samt alm. Charterture arrangeres i samarbejde [&hellip;]<\/p>\n","protected":false},"author":1,"featured_media":0,"parent":0,"menu_order":0,"comment_status":"closed","ping_status":"closed","template":"templates\/template-full-width.php","meta":{"ngg_post_thumbnail":0,"footnotes":""},"class_list":["post-2","page","type-page","status-publish","hentry"],"translation":{"provider":"WPGlobus","version":"3.0.2","language":"en","enabled_languages":["da","en","kl"],"languages":{"da":{"title":true,"content":true,"excerpt":false},"en":{"title":true,"content":false,"excerpt":false},"kl":{"title":true,"content":false,"excerpt":false}}},"_links":{"self":[{"href":"https:\/\/hhl.gl\/en\/wp-json\/wp\/v2\/pages\/2","targetHints":{"allow":["GET"]}}],"collection":[{"href":"https:\/\/hhl.gl\/en\/wp-json\/wp\/v2\/pages"}],"about":[{"href":"https:\/\/hhl.gl\/en\/wp-json\/wp\/v2\/types\/page"}],"author":[{"embeddable":true,"href":"https:\/\/hhl.gl\/en\/wp-json\/wp\/v2\/users\/1"}],"replies":[{"embeddable":true,"href":"https:\/\/hhl.gl\/en\/wp-json\/wp\/v2\/comments?post=2"}],"version-history":[{"count":8,"href":"https:\/\/hhl.gl\/en\/wp-json\/wp\/v2\/pages\/2\/revisions"}],"predecessor-version":[{"id":40,"href":"https:\/\/hhl.gl\/en\/wp-json\/wp\/v2\/pages\/2\/revisions\/40"}],"wp:attachment":[{"href":"https:\/\/hhl.gl\/en\/wp-json\/wp\/v2\/media?parent=2"}],"curies":[{"name":"wp","href":"https:\/\/api.w.org\/{rel}","templated":true}]}}